{"id":51,"date":"2024-11-23T16:19:58","date_gmt":"2024-11-23T15:19:58","guid":{"rendered":"https:\/\/scfcordeliere.fr\/?page_id=51"},"modified":"2024-11-25T19:07:31","modified_gmt":"2024-11-25T18:07:31","slug":"mesmerize","status":"publish","type":"page","link":"https:\/\/scfcordeliere.fr\/","title":{"rendered":"S.C.F CORDELIERE"},"content":{"rendered":"<div  id=\"objectif\" class=\"about-images-right-section-mc content-section content-section-spacing\" style=\"background-color: #ffffff; background-image: none;\" data-label=\"Objectif\" data-id=\"about-images-right-section-mc\" data-export-id=\"about-images-right-section-mc\" data-bullets-visibility=\"true\" data-category=\"about\">\n<div  class=\"gridContainer\">\n<div  class=\"row middle-sm text-center\">\n<div  class=\"col-sm-5 content-left-sm\" data-type=\"column\">\n<h5  class=\"\">CE QUE NOUS FAISONS<\/h5>\n<h2  class=\"\">Notre Objectif<\/h2>\n<p  class=\"\">La SCF Cordeli\u00e8re s\u2019engage \u00e0 appliquer des techniques sylvicoles adapt\u00e9es sp\u00e9cifiquement au terrain et au climat uniques du Vercors. L\u2019objectif principal de notre gestion est de maintenir un \u00e9quilibre entre la production de bois d\u2019\u0153uvre de qualit\u00e9 et la protection des \u00e9cosyst\u00e8mes forestiers. Cette mission se concr\u00e9tise par l\u2019adoption du traitement de la futaie irr\u00e9guli\u00e8re selon la m\u00e9thode du contr\u00f4le, permettant une gestion durable et r\u00e9fl\u00e9chie de nos 100 hectares de for\u00eat.<\/p>\n\n<\/div>\n<div  class=\"col-sm-7 space-bottom-xs\">\n<div  class=\"image-group-side-3-img\"><a  class=\"top-img-anchor\" href=\"#\" target=\"_self\" data-cp-link=\"1\"><img  decoding=\"async\" class=\"topimg shadow-large\" src=\"https:\/\/scfcordeliere.fr\/wp-content\/uploads\/2024\/11\/cropped-image6-scaled-1.jpg\"><\/a> <img  decoding=\"async\" class=\"rightimg shadow-large\" title=\"image2-scaled\" src=\"https:\/\/scfcordeliere.fr\/wp-content\/uploads\/2024\/11\/cropped-image2-scaled-1.jpg\" alt=\"scf cordeliere\">\n<div  class=\"leftimg\"><img  decoding=\"async\" class=\"shadow-large\" title=\"image8-scaled\" src=\"https:\/\/scfcordeliere.fr\/wp-content\/uploads\/2024\/11\/cropped-image8-scaled-1.jpg\" alt=\"scf cordeliere\"><\/div>\n<\/div>\n<\/div>\n<\/div>\n<\/div>\n<\/div><div  id=\"moyens\" class=\"features-16-card-bordered-mc content-section content-section-spacing\" style=\"background-color: #f5fafd; background-image: none;\" data-label=\"Moyens\" data-id=\"features-16-card-bordered-mc\" data-export-id=\"features-16-card-bordered-mc\" data-bullets-visibility=\"true\" data-category=\"features\">\n<div  class=\"gridContainer\">\n<div  class=\"row text-center\">\n<div  class=\"section-title-col\" data-type=\"column\">\n<h5  class=\"\">CE QUE NOUS PROPOSONS<\/h5>\n<h2  class=\"\">Nos Moyens<\/h2>\n<p  class=\"lead\">Nos strat\u00e9gies de gestion s\u2019appuient sur la constitution et le d\u00e9veloppement continu de notre patrimoine forestier. Les apports en num\u00e9raires et les r\u00e9investissements issus des ventes de bois ont permis d\u2019acqu\u00e9rir et de maintenir des parcelles foresti\u00e8res principalement compos\u00e9es de futaie mixte feuillus\/r\u00e9sineux. Ces parcelles sont r\u00e9parties sur plusieurs communes embl\u00e9matiques du Vercors : Autrans-M\u00e9audre en Vercors, Engins, Lans-en-Vercors, Rencurel, et Villard-de-Lans.<\/p>\nNotre gestion foresti\u00e8re embrasse trois fonctions essentielles :\n\n<h1  class=\"\"><\/h1><\/div>\n<\/div>\n<div  class=\"row spaced-cols\" data-type=\"row\">\n<div  class=\"col-xs-12 col-sm-6 col-md-4\">\n<div  class=\"card no-padding bordered y-move\"><a  href=\"#Moyens\" target=\"_self\" data-cp-link=\"1\"><img  decoding=\"async\" class=\"face\" title=\"cropped-DALL\u00b7E-2024-11-23-16.54.32-A-high-quality-image-depicting-the-economic-function-of-forestry-focusing-on-a-single-sustainable-wood-processing-area-with-solar-panels-on-the-roof.webp\" src=\"https:\/\/scfcordeliere.fr\/wp-content\/uploads\/2024\/11\/cropped-DALL%C2%B7E-2024-11-23-16.54.32-A-high-quality-image-depicting-the-economic-function-of-forestry-focusing-on-a-single-sustainable-wood-processing-area-with-solar-panels-on-the-roof.webp\" alt=\"\"><\/a>\n<div  class=\"col-padding-small col-padding-small-xs description-container\" data-type=\"column\">\n<h4  class=\"font-500\">Fonction \u00c9conomique<\/h4>\n<p  class=\"\">Nous produisons du bois d\u2019\u0153uvre de haute qualit\u00e9, essentiel \u00e0 l\u2019\u00e9conomie locale et r\u00e9gionale.<\/p>\n\n<h1  class=\"\"><\/h1>\n<\/div>\n<div  class=\"col-padding-small col-padding-small-xs read-more-container\" data-type=\"column\"><\/div>\n<\/div>\n<\/div>\n<div  class=\"col-xs-12 col-sm-6 col-md-4\">\n<div  class=\"card no-padding bordered y-move\"><a  href=\"#Moyens\" target=\"_self\" data-cp-link=\"1\"><img  decoding=\"async\" class=\"face\" title=\"DALL\u00b7E 2024-11-23 16.51.48 - A serene image representing the ecological function of a forest, focusing on the diversity of flora and fauna. The scene includes a variety of native\" src=\"https:\/\/scfcordeliere.fr\/wp-content\/uploads\/2024\/11\/cropped-DALL%C2%B7E-2024-11-23-16.51.48-A-serene-image-representing-the-ecological-function-of-a-forest-focusing-on-the-diversity-of-flora-and-fauna.-The-scene-includes-a-variety-of-native-.webp\" alt=\"scf cordeliere\"><\/a>\n<div  class=\"col-padding-small col-padding-small-xs description-container\" data-type=\"column\">\n<h4  class=\"font-500\">Fonction \u00c9cologique<\/h4>\n<p  class=\"\">La protection des \u00e9quilibres naturels faune\/flore est au c\u0153ur de nos pratiques, assurant la p\u00e9rennit\u00e9 de l\u2019\u00e9cosyst\u00e8me forestier.<\/p>\n\n<\/div>\n<div  class=\"col-padding-small col-padding-small-xs read-more-container\" data-type=\"column\"><\/div>\n<\/div>\n<\/div>\n<div  class=\"col-xs-12 col-sm-6 col-md-4\">\n<div  class=\"card no-padding bordered y-move\"><a  href=\"#Moyens\" target=\"_self\" data-cp-link=\"1\"><img  decoding=\"async\" class=\"face\" title=\"cropped-84b7bdf1-d63f-4f0e-a2f7-6955efc8aeed.jpg\" src=\"https:\/\/scfcordeliere.fr\/wp-content\/uploads\/2024\/11\/cropped-cropped-cropped-cropped-84b7bdf1-d63f-4f0e-a2f7-6955efc8aeed2.jpg\" alt=\"scf cordeliere\"><\/a>\n<div  class=\"col-padding-small col-padding-small-xs description-container\" data-type=\"column\">\n<h4  class=\"font-500\">Fonction Sociale<\/h4>\n<p  class=\"\">Nos for\u00eats sont ouvertes au public, offrant un espace pour l\u2019\u00e9ducation environnementale et le loisir, tout en sensibilisant \u00e0 l\u2019importance de la conservation foresti\u00e8re.<\/p>\n\n<\/div>\n<div  class=\"col-padding-small col-padding-small-xs read-more-container\" data-type=\"column\"><\/div>\n<\/div>\n<\/div>\n<\/div>\n<\/div>\n<\/div><div  id=\"contribution\" class=\"testimonials-5-mc content-section content-section-spacing\" style=\"background-color: #ffffff;\" data-label=\"Contribution\" data-id=\"testimonials-5-mc\" data-export-id=\"testimonials-5-mc\" data-category=\"testimonials\" data-bullets-visibility=\"true\">\n<div  class=\"gridContainer\">\n<div  class=\"row\">\n<div  class=\"section-title-col\" data-type=\"column\">\n<h5  class=\"\">CE QUE NOUS INT\u00c9GRONS<\/h5>\n<h2  class=\"\">Notre Contribution<\/h2>\n<p  class=\"lead\">Notre gestion foresti\u00e8re ne se limite pas \u00e0 la production de bois ou \u00e0 la conservation de la biodiversit\u00e9 ; elle est int\u00e9gr\u00e9e dans un cadre de d\u00e9veloppement rural propre au massif du Vercors. En reconnaissant et en valorisant les interactions entre diff\u00e9rentes activit\u00e9s r\u00e9gionales, nous assurons une gestion qui respecte et soutient l\u2019\u00e9quilibre naturel et \u00e9conomique de la r\u00e9gion.<\/p>\nVoici comment nous alignons nos activit\u00e9s avec les secteurs cl\u00e9s :\n\n<h1  class=\"\"><\/h1><\/div>\n<\/div>\n<div  class=\"row spaced-cols content-center-sm\" data-type=\"row\">\n<div  class=\"col-sm-4\">\n<div  class=\"card y-move bordered\" data-type=\"column\">\n<h3  class=\"\">Activit\u00e9 Touristique<\/h3>\n<p  class=\"text-center\">En prot\u00e9geant les aspects paysagers et en maintenant des for\u00eats saines et accessibles, nous contribuons \u00e0 l\u2019attractivit\u00e9 touristique de la r\u00e9gion. Nos for\u00eats servent non seulement de havre pour la faune et la flore locales mais aussi comme destinations pour les visiteurs.<\/p>\n<img  decoding=\"async\" class=\"round icon\" title=\"image7-scaled\" src=\"https:\/\/scfcordeliere.fr\/wp-content\/uploads\/2024\/11\/cropped-image7-scaled-1-1.jpg\" alt=\"scf cordeliere\">\n\n<\/div>\n<\/div>\n<div  class=\"col-sm-4\">\n<div  class=\"card y-move bordered\" data-type=\"column\">\n<h3  class=\"\">Activit\u00e9 Agricole<\/h3>\n<p  class=\"text-center\">Nous collaborons avec les agriculteurs locaux pour assurer que nos pratiques foresti\u00e8res soutiennent et compl\u00e8tent l\u2019agriculture r\u00e9gionale. Cela comprend la gestion des zones tampons et la protection des cours d\u2019eau pour soutenir l\u2019irrigation et pr\u00e9venir l\u2019\u00e9rosion.<\/p>\n<img  decoding=\"async\" class=\"round icon\" title=\"image1-scaled\" src=\"https:\/\/scfcordeliere.fr\/wp-content\/uploads\/2024\/11\/cropped-image1-scaled-1.jpg\" alt=\"scf cordeliere\">\n\n<\/div>\n<\/div>\n<div  class=\"col-sm-4\">\n<div  class=\"card y-move bordered\" data-type=\"column\">\n<h3  class=\"\">Activit\u00e9 Sylvicole<\/h3>\n<p  class=\"text-center\">En appliquant une sylviculture adapt\u00e9e, nous pratiquons une gestion durable qui pr\u00e9serve les ressources foresti\u00e8res pour les g\u00e9n\u00e9rations futures. Cette approche inclut le traitement de la futaie irr\u00e9guli\u00e8re qui favorise la diversit\u00e9 biologique et la r\u00e9silience des for\u00eats.<\/p>\n<img  decoding=\"async\" class=\"round icon\" title=\"image3-scaled\" src=\"https:\/\/scfcordeliere.fr\/wp-content\/uploads\/2024\/11\/cropped-image3-scaled-1.jpg\" alt=\"\">\n\n<\/div>\n<\/div>\n<\/div>\n<\/div>\n<\/div><div  id=\"contact\" class=\"content-8-mc content-section content-section-spacing\" style=\"background-color: #f5fafd; background-image: none;\" data-label=\"Contact\" data-id=\"content--2\" data-export-id=\"content-8-mc\" data-category=\"content\" data-bullets-visibility=\"true\">\n<div  class=\"gridContainer\">\n<div  class=\"row middle-sm\">\n<div  class=\"col-sm-6 space-bottom-xs space-top-xs\" data-type=\"column\"><img  decoding=\"async\" class=\"shadow-large\" title=\"image4-scaled\" src=\"https:\/\/scfcordeliere.fr\/wp-content\/uploads\/2024\/11\/cropped-image4-scaled-1.jpg\" alt=\"scf cordeliere\"><\/div>\n<div  class=\"col-sm-6\" data-type=\"column\">\n<h4  class=\"\">PARLONS ENSEMBLE<\/h4>\n<h2  class=\"\">Nous Contacter<\/h2>\n<p  class=\"\">Pour plus d\u2019informations sur notre gestion foresti\u00e8re ou pour planifier une visite de nos for\u00eats, veuillez nous contacter :<\/p>\n\n<h4  class=\"\"><span  style=\"font-size: 17.6px;\">S.C.F. LA CORDELIERE (Groupement Forestier Patrimonial)<\/span><\/h4><h1  class=\"\"><\/h1>\n\n<div  class=\"\" style=\"color: #6b7c93; font-size: 16px; background-color: #f5fafd;\">507 avenue G\u00e9n\u00e9ral de Gaulle,<\/div>\n<div  class=\"\" style=\"color: #6b7c93; font-size: 16px; background-color: #f5fafd;\">38250 VILLARD DE LANS<\/div>\n<h1  class=\"\"><\/h1><a  class=\"link\" href=\"#contact\" target=\"_self\" data-cp-link=\"1\">scfcordeliere@orange.fr<\/a>\n\n<\/div>\n<\/div>\n<\/div>\n<\/div>","protected":false},"excerpt":{"rendered":"<p>CE QUE NOUS FAISONS Notre Objectif La SCF Cordeli\u00e8re s\u2019engage \u00e0 appliquer des techniques sylvicoles adapt\u00e9es sp\u00e9cifiquement au terrain et au climat uniques du Vercors. L\u2019objectif principal de notre gestion est de maintenir un \u00e9quilibre entre la production de bois d\u2019\u0153uvre de qualit\u00e9 et la protection des \u00e9cosyst\u00e8mes forestiers. Cette mission se concr\u00e9tise par l\u2019adoption&hellip; <br \/> <a class=\"read-more\" href=\"https:\/\/scfcordeliere.fr\/\">Lire la suite<\/a><\/p>\n","protected":false},"author":1,"featured_media":0,"parent":0,"menu_order":0,"comment_status":"closed","ping_status":"closed","template":"page-templates\/homepage.php","meta":{"footnotes":""},"class_list":["post-51","page","type-page","status-publish","hentry"],"_links":{"self":[{"href":"https:\/\/scfcordeliere.fr\/index.php?rest_route=\/wp\/v2\/pages\/51","targetHints":{"allow":["GET"]}}],"collection":[{"href":"https:\/\/scfcordeliere.fr\/index.php?rest_route=\/wp\/v2\/pages"}],"about":[{"href":"https:\/\/scfcordeliere.fr\/index.php?rest_route=\/wp\/v2\/types\/page"}],"author":[{"embeddable":true,"href":"https:\/\/scfcordeliere.fr\/index.php?rest_route=\/wp\/v2\/users\/1"}],"replies":[{"embeddable":true,"href":"https:\/\/scfcordeliere.fr\/index.php?rest_route=%2Fwp%2Fv2%2Fcomments&post=51"}],"version-history":[{"count":36,"href":"https:\/\/scfcordeliere.fr\/index.php?rest_route=\/wp\/v2\/pages\/51\/revisions"}],"predecessor-version":[{"id":217,"href":"https:\/\/scfcordeliere.fr\/index.php?rest_route=\/wp\/v2\/pages\/51\/revisions\/217"}],"wp:attachment":[{"href":"https:\/\/scfcordeliere.fr\/index.php?rest_route=%2Fwp%2Fv2%2Fmedia&parent=51"}],"curies":[{"name":"wp","href":"https:\/\/api.w.org\/{rel}","templated":true}]}}